{"id":1961,"date":"2022-03-07T08:04:55","date_gmt":"2022-03-07T07:04:55","guid":{"rendered":"https:\/\/verlag-alber.de\/scientific-publishing\/"},"modified":"2023-06-02T15:57:27","modified_gmt":"2023-06-02T13:57:27","slug":"academic-publishing","status":"publish","type":"page","link":"https:\/\/verlag-alber.de\/en\/academic-publishing\/","title":{"rendered":"Academic Publishing"},"content":{"rendered":"\n<section class=\"content-stage big-stage bottom-type-1 image-type-1 \">\n    <div class=\"text-item\">\n                    <h2 class=\"headline-3\">Publish your work with Verlag Karl Alber<\/h2>\n        \n                    <h3 class=\"headline-2 \"\n                data-text=\"Scientific publishing\">\n                                    Scientific publishing\n                            <\/h3>\n        \n                    <div class=\"wysiwyg\">\n                <p>Have you put your heart and soul into writing a dissertation, postdoctoral thesis or an anthology and would now like to publish it? <\/p>\n<p>Affiliated to Nomos Publishers, Karl Alber possesses a wealth of experience and offers expert guidance that can enable you to do so.<\/p>\n\n            <\/div>\n        \n        \n            <\/div>\n\n            <div class=\"image-item\">\n            \n            <div class=\"js-scroll-animations scroll-animations__image-wrapper \" data-scroll-animation-type=\"zoomImage\">\n                                    <picture class=\"content-block__image\">\n                                    \n                                                                                        \n                                                                    \n                                    <source\n                            type=\"image\/webp\"\n                            srcset=\"                                                                                                                                https:\/\/verlag-alber.de\/wp-content\/uploads\/sites\/2\/2022\/05\/Wissenschaftlich-Publizieren-1056x0-c-default.webp 1056w\n                                                                                                                \"\n                            sizes=\"1056px\"\n                    >\n                                            \n                                                                                        \n                                                                    \n                                    <img decoding=\"async\"\n                                                    loading=\"lazy\"\n                                                decode=\"async\"\n                        src=\"https:\/\/verlag-alber.de\/wp-content\/uploads\/sites\/2\/2022\/05\/Wissenschaftlich-Publizieren-50x0-c-default.jpg\"\n                        srcset=\"                                                                                                                                https:\/\/verlag-alber.de\/wp-content\/uploads\/sites\/2\/2022\/05\/Wissenschaftlich-Publizieren-1056x0-c-default.jpg 1056w\n                                                                                                                \"\n                        sizes=\"auto, 1056px\"\n                        alt=\"\"\n                        \n                        width=\"1056\"\n                        height=\"\"\n                    >\n                                        <\/picture>\n\n            <\/div>\n\n            <div class=\"tablet-image\">\n                    <picture >\n                                    \n                                                                                        \n                                                                    \n                                    <source\n                            type=\"image\/webp\"\n                            srcset=\"                                                                                                                                https:\/\/verlag-alber.de\/wp-content\/uploads\/sites\/2\/2022\/05\/Wissenschaftlich-Publizieren-412x0-c-default.webp 412w\n                                                                            ,                                                                                                                                https:\/\/verlag-alber.de\/wp-content\/uploads\/sites\/2\/2022\/05\/Wissenschaftlich-Publizieren-528x0-c-default.webp 528w\n                                                                            ,                                                                                                                                https:\/\/verlag-alber.de\/wp-content\/uploads\/sites\/2\/2022\/05\/Wissenschaftlich-Publizieren-980x0-c-default.webp 980w\n                                                                                                                \"\n                            sizes=\"(-webkit-min-device-pixel-ratio: 2) 50vw,\n                            (min-resolution: 192dpi) 50vw,\n                            (min-resolution: 2dppx) 50vw,\n                            (-webkit-min-device-pixel-ratio: 3) 33.33vw,\n                            (min-resolution: 288dpi) 33.33vw,\n                            (min-resolution: 3dppx) 33.33vw\"\n                    >\n                                            \n                                                                                        \n                                                                    \n                                    <img decoding=\"async\"\n                                                    loading=\"lazy\"\n                                                decode=\"async\"\n                        src=\"https:\/\/verlag-alber.de\/wp-content\/uploads\/sites\/2\/2022\/05\/Wissenschaftlich-Publizieren-50x0-c-default.jpg\"\n                        srcset=\"                                                                                                                                https:\/\/verlag-alber.de\/wp-content\/uploads\/sites\/2\/2022\/05\/Wissenschaftlich-Publizieren-412x0-c-default.jpg 412w\n                                                                            ,                                                                                                                                https:\/\/verlag-alber.de\/wp-content\/uploads\/sites\/2\/2022\/05\/Wissenschaftlich-Publizieren-528x0-c-default.jpg 528w\n                                                                            ,                                                                                                                                https:\/\/verlag-alber.de\/wp-content\/uploads\/sites\/2\/2022\/05\/Wissenschaftlich-Publizieren-980x0-c-default.jpg 980w\n                                                                                                                \"\n                        sizes=\"auto, (-webkit-min-device-pixel-ratio: 2) 50vw,\n                            (min-resolution: 192dpi) 50vw,\n                            (min-resolution: 2dppx) 50vw,\n                            (-webkit-min-device-pixel-ratio: 3) 33.33vw,\n                            (min-resolution: 288dpi) 33.33vw,\n                            (min-resolution: 3dppx) 33.33vw\"\n                        alt=\"\"\n                        \n                        width=\"412\"\n                        height=\"\"\n                    >\n                                        <\/picture>\n\n            <\/div>\n\n                    <\/div>\n    <\/section>\n\n\n<section class=\"content-icon-card check-card\">\n    <div class=\"icon-card-item-list\">\n        <div class=\"icon-card-item\">\n            <div class=\"icon\">\n                <img decoding=\"async\" src=\"https:\/\/verlag-alber.de\/wp-content\/uploads\/sites\/2\/2022\/03\/shakehands.svg\">\n            <\/div>\n            <div class=\"text-item\">\n\n                                    <h5>Consulting<\/h5>\n                \n                                    <p>After deciding whether to include your work in the publishing programme, we will submit an offer to you free of charge. Upon acceptance of the offer, we conclude the publishing contract. <\/p>\n                \n            <\/div>\n        <\/div>\n        <div class=\"icon-card-item\">\n            <div class=\"icon\">\n                <img decoding=\"async\" src=\"https:\/\/verlag-alber.de\/wp-content\/uploads\/sites\/2\/2022\/03\/layoutsatz.svg\">\n            <\/div>\n            <div class=\"text-item\">\n\n                                    <h5>High quality production<\/h5>\n                \n                                    <p>We create the typesetting based on the manuscript you submit. If, exceptionally, you would like to do the typesetting yourself, we will assist you with the formatting of your work. Your book will be produced using high-quality printing processes.<\/p>\n                \n            <\/div>\n        <\/div>\n        <div class=\"icon-card-item\">\n            <div class=\"icon\">\n                <img decoding=\"async\" src=\"https:\/\/verlag-alber.de\/wp-content\/uploads\/sites\/2\/2022\/03\/distribution.svg\">\n            <\/div>\n            <div class=\"text-item\">\n\n                                    <h5>Marketing and sales<\/h5>\n                \n                                    <p>Your finished work will be professionally disseminated by us &#8211; with the entire portfolio of science marketing. In this way, your research results will be adequately perceived by the professional public.<\/p>\n                \n            <\/div>\n        <\/div>\n    <\/div>\n<\/section>\n\n\n\n<script>\n    window.config = {\n        googleRecaptchaSiteKey: '',\n    };\n<\/script>\n\n<section class=\"content-form js-content-form\">\n    <div class=\"text-item\">\n                    <h2>Request an offer now<\/h2>\n        \n                    <h3>We look forward to getting to know you and your book<\/h3>\n        \n                    <p>Please present your planned publication to us by stating the title, the subject area and the type of work (dissertation, habilitation, anthology, monograph) as well as its scope. Please use the following form for this purpose. We will be happy to provide you with a non-binding offer free of charge.<\/p>\n            <\/div>\n\n        \n\n    <div class=\"inner\">\n        <form class=\"js-captcha-form\" method=\"post\" enctype=\"multipart\/form-data\" data-form-name=\"contact-form-publish\" autocomplete=\"off\">\n            <label class=\"sr-only\" for=\"website\" hidden><\/label>\n<input class=\"sr-only\" autocomplete=\"off\" type=\"text\" id=\"website\" name=\"website\" placeholder=\"Your website here\" tabindex=\"-1\" hidden>\n<label class=\"sr-only\" for=\"pw\" hidden><\/label>\n<input class=\"sr-only\" type=\"text\" id=\"pw\" name=\"pw\" placeholder=\"Your password here\" value=\"MTc3Njk4MTQ1MQ==\" hidden>\n                <input name=\"contact_form_publish_action\" type=\"hidden\" class=\"hide\" \/>\n\n\n            <div class=\"form-columns\">\n                <div class=\"form-item\">\n                        <label for=\"cfp-salutation\">Title *<\/label>\n    <div class=\"custom-select-element\">\n        <select name=\"salutation\" id=\"cfp-salutation\" required>\n            <option selected disabled value=\"\">Title<\/option>\n                            <option value=\"Herr\">Mr.<\/option>\n                            <option value=\"Frau\">Ms.<\/option>\n                            <option value=\"Divers\">Mx.<\/option>\n                    <\/select>\n    <\/div>\n\n                <\/div>\n\n                            <\/div>\n\n            <div class=\"form-columns\">\n                <div class=\"form-item\">\n                        <label for=\"cfp-first_name\">First name *<\/label>\n    <input type=\"text\" id=\"cfp-first_name\" name=\"first_name\" placeholder=\"First name\" value=\"\" required\/>\n\n                <\/div>\n\n                <div class=\"form-item\">\n                        <label for=\"cfp-last_name\">Last name *<\/label>\n    <input type=\"text\" id=\"cfp-last_name\" name=\"last_name\" placeholder=\"Last name\" value=\"\" required\/>\n\n                <\/div>\n            <\/div>\n\n            <div class=\"form-columns\">\n                <div class=\"form-item\">\n                        <label for=\"cfp-street\">Street<\/label>\n    <input type=\"text\" id=\"cfp-street\" name=\"street\" placeholder=\"Street\" value=\"\"\/>\n\n                <\/div>\n\n                <div class=\"form-item\">\n                        <label for=\"cfp-zipcode\">Postal code \/ City<\/label>\n    <input type=\"text\" id=\"cfp-zipcode\" name=\"zipcode\" placeholder=\"Postal code \/ City\" value=\"\"\/>\n\n                <\/div>\n            <\/div>\n\n            <div class=\"form-columns\">\n                <div class=\"form-item\">\n                        <label for=\"cfp-phone_number\">Phone<\/label>\n    <input type=\"tel\" id=\"cfp-phone_number\" name=\"phone_number\" placeholder=\"Phone\" value=\"\"\/>\n\n                <\/div>\n\n                <div class=\"form-item\">\n                        <label for=\"cfp-email_address\">Email *<\/label>\n    <input type=\"email\" id=\"cfp-email_address\" name=\"email_address\" placeholder=\"Email\" value=\"\" required\/>\n\n                <\/div>\n            <\/div>\n\n            <div class=\"form-columns\">\n                <div class=\"form-item\">\n                        <label for=\"cfp-expertise\">Subject area<\/label>\n    <input type=\"text\" id=\"cfp-expertise\" name=\"expertise\" placeholder=\"Subject area\" value=\"\"\/>\n\n                <\/div>\n\n                <div class=\"form-item\">\n                        <label for=\"cfp-title\">Publication title<\/label>\n    <input type=\"text\" id=\"cfp-title\" name=\"title\" placeholder=\"Publication title\" value=\"\"\/>\n\n                <\/div>\n            <\/div>\n\n            \n            <div class=\"form-item\">\n                    <label for=\"cfp-message\">Message *<\/label>\n    <textarea name=\"message\" id=\"cfp-message\" placeholder=\"Message\" required><\/textarea>\n\n            <\/div>\n\n                            <div class=\"form-item\">\n                        <label for=\"cfp-upload_file\" class=\"input-file js-file-upload\">\n        <span class=\"input-file__upperlabel\">\n            Bitte laden Sie hier im Falle einer Dissertation oder Habilitation das Manuskript Ihrer Arbeit (vorzugsweise als Word-Datei) und die Gutachten hoch. In anderen F\u00e4llen k\u00f6nnen Sie hier ausgew\u00e4hlte Manuskriptseiten, die Ihre Anfrage verdeutlichen (Seiten mit Grafiken, Tabellen, Bildern), hochladen. Bei mehreren Seiten\/Dateien verwenden Sie bitte ein ZIP-Archiv (max. 7,5 MB).\n        <\/span>\n        <span class=\"input-file__field link-white-square\">\n            <a class=\"input-file__clear-button js-file-upload-clear hidden\"><\/a>\n            <input id=\"cfp-upload_file\" type=\"file\" name=\"upload_file[]\" class=\"js-file-upload-input\" \/>\n            <span class=\"input-file__lowerlabel js-file-upload-label\"\n                  data-default-text=\"Select file\">\n            <\/span>\n        <\/span>\n    <\/label>\n\n                <\/div>\n            \n                            <p>No Data Privacy Policy has been created in this language yet.<\/p>\n            \n            \n            <div class=\"submit-item\">\n                    <input type=\"submit\" value=\"Submit now and receive a free quote\" class=\"link-blue-square\" \/>\n\n            <\/div>\n        <\/form>\n    <\/div>\n\n    <\/section>\n","protected":false},"excerpt":{"rendered":"","protected":false},"author":1,"featured_media":0,"parent":0,"menu_order":0,"comment_status":"closed","ping_status":"closed","template":"","meta":{"_acf_changed":false,"footnotes":""},"class_list":["post-1961","page","type-page","status-publish","hentry"],"acf":[],"yoast_head":"<!-- This site is optimized with the Yoast SEO Premium plugin v26.1 (Yoast SEO v26.2) - https:\/\/yoast.com\/wordpress\/plugins\/seo\/ -->\n<title>Scientific publishing | Verlag Karl Alber<\/title>\n<meta name=\"description\" content=\"Publish your scientific work and research results. Scientific publishing with Verlag Karl Alber .\" \/>\n<meta name=\"robots\" content=\"index, follow, max-snippet:-1, max-image-preview:large, max-video-preview:-1\" \/>\n<link rel=\"canonical\" href=\"https:\/\/verlag-alber.de\/en\/academic-publishing\/\" \/>\n<meta property=\"og:locale\" content=\"en_US\" \/>\n<meta property=\"og:type\" content=\"article\" \/>\n<meta property=\"og:title\" content=\"Academic Publishing\" \/>\n<meta property=\"og:description\" content=\"Publish your scientific work and research results. Scientific publishing with Verlag Karl Alber .\" \/>\n<meta property=\"og:url\" content=\"https:\/\/verlag-alber.de\/en\/academic-publishing\/\" \/>\n<meta property=\"og:site_name\" content=\"Karl-Alber\" \/>\n<meta property=\"article:modified_time\" content=\"2023-06-02T13:57:27+00:00\" \/>\n<meta property=\"og:image\" content=\"https:\/\/verlag-alber.de\/wp-content\/uploads\/sites\/2\/2022\/05\/Wissenschaftlich-Publizieren.jpg\" \/>\n<meta name=\"twitter:card\" content=\"summary_large_image\" \/>\n<script type=\"application\/ld+json\" class=\"yoast-schema-graph\">{\"@context\":\"https:\/\/schema.org\",\"@graph\":[{\"@type\":\"WebPage\",\"@id\":\"https:\/\/verlag-alber.de\/en\/academic-publishing\/\",\"url\":\"https:\/\/verlag-alber.de\/en\/academic-publishing\/\",\"name\":\"Scientific publishing | Verlag Karl Alber\",\"isPartOf\":{\"@id\":\"https:\/\/verlag-alber.de\/en\/#website\"},\"datePublished\":\"2022-03-07T07:04:55+00:00\",\"dateModified\":\"2023-06-02T13:57:27+00:00\",\"description\":\"Publish your scientific work and research results. Scientific publishing with Verlag Karl Alber .\",\"breadcrumb\":{\"@id\":\"https:\/\/verlag-alber.de\/en\/academic-publishing\/#breadcrumb\"},\"inLanguage\":\"en-US\",\"potentialAction\":[{\"@type\":\"ReadAction\",\"target\":[\"https:\/\/verlag-alber.de\/en\/academic-publishing\/\"]}]},{\"@type\":\"BreadcrumbList\",\"@id\":\"https:\/\/verlag-alber.de\/en\/academic-publishing\/#breadcrumb\",\"itemListElement\":[{\"@type\":\"ListItem\",\"position\":1,\"name\":\"Startseite\",\"item\":\"https:\/\/verlag-alber.de\/en\/\"},{\"@type\":\"ListItem\",\"position\":2,\"name\":\"Academic Publishing\"}]},{\"@type\":\"WebSite\",\"@id\":\"https:\/\/verlag-alber.de\/en\/#website\",\"url\":\"https:\/\/verlag-alber.de\/en\/\",\"name\":\"Karl-Alber\",\"description\":\"Eine weitere nomos.de Websites Website\",\"potentialAction\":[{\"@type\":\"SearchAction\",\"target\":{\"@type\":\"EntryPoint\",\"urlTemplate\":\"https:\/\/verlag-alber.de\/en\/?s={search_term_string}\"},\"query-input\":{\"@type\":\"PropertyValueSpecification\",\"valueRequired\":true,\"valueName\":\"search_term_string\"}}],\"inLanguage\":\"en-US\"}]}<\/script>\n<!-- \/ Yoast SEO Premium plugin. -->","yoast_head_json":{"title":"Scientific publishing | Verlag Karl Alber","description":"Publish your scientific work and research results. Scientific publishing with Verlag Karl Alber .","robots":{"index":"index","follow":"follow","max-snippet":"max-snippet:-1","max-image-preview":"max-image-preview:large","max-video-preview":"max-video-preview:-1"},"canonical":"https:\/\/verlag-alber.de\/en\/academic-publishing\/","og_locale":"en_US","og_type":"article","og_title":"Academic Publishing","og_description":"Publish your scientific work and research results. Scientific publishing with Verlag Karl Alber .","og_url":"https:\/\/verlag-alber.de\/en\/academic-publishing\/","og_site_name":"Karl-Alber","article_modified_time":"2023-06-02T13:57:27+00:00","og_image":[{"url":"https:\/\/verlag-alber.de\/wp-content\/uploads\/sites\/2\/2022\/05\/Wissenschaftlich-Publizieren.jpg","type":"","width":"","height":""}],"twitter_card":"summary_large_image","schema":{"@context":"https:\/\/schema.org","@graph":[{"@type":"WebPage","@id":"https:\/\/verlag-alber.de\/en\/academic-publishing\/","url":"https:\/\/verlag-alber.de\/en\/academic-publishing\/","name":"Scientific publishing | Verlag Karl Alber","isPartOf":{"@id":"https:\/\/verlag-alber.de\/en\/#website"},"datePublished":"2022-03-07T07:04:55+00:00","dateModified":"2023-06-02T13:57:27+00:00","description":"Publish your scientific work and research results. Scientific publishing with Verlag Karl Alber .","breadcrumb":{"@id":"https:\/\/verlag-alber.de\/en\/academic-publishing\/#breadcrumb"},"inLanguage":"en-US","potentialAction":[{"@type":"ReadAction","target":["https:\/\/verlag-alber.de\/en\/academic-publishing\/"]}]},{"@type":"BreadcrumbList","@id":"https:\/\/verlag-alber.de\/en\/academic-publishing\/#breadcrumb","itemListElement":[{"@type":"ListItem","position":1,"name":"Startseite","item":"https:\/\/verlag-alber.de\/en\/"},{"@type":"ListItem","position":2,"name":"Academic Publishing"}]},{"@type":"WebSite","@id":"https:\/\/verlag-alber.de\/en\/#website","url":"https:\/\/verlag-alber.de\/en\/","name":"Karl-Alber","description":"Eine weitere nomos.de Websites Website","potentialAction":[{"@type":"SearchAction","target":{"@type":"EntryPoint","urlTemplate":"https:\/\/verlag-alber.de\/en\/?s={search_term_string}"},"query-input":{"@type":"PropertyValueSpecification","valueRequired":true,"valueName":"search_term_string"}}],"inLanguage":"en-US"}]}},"_links":{"self":[{"href":"https:\/\/verlag-alber.de\/en\/wp-json\/wp\/v2\/pages\/1961","targetHints":{"allow":["GET"]}}],"collection":[{"href":"https:\/\/verlag-alber.de\/en\/wp-json\/wp\/v2\/pages"}],"about":[{"href":"https:\/\/verlag-alber.de\/en\/wp-json\/wp\/v2\/types\/page"}],"author":[{"embeddable":true,"href":"https:\/\/verlag-alber.de\/en\/wp-json\/wp\/v2\/users\/1"}],"replies":[{"embeddable":true,"href":"https:\/\/verlag-alber.de\/en\/wp-json\/wp\/v2\/comments?post=1961"}],"version-history":[{"count":10,"href":"https:\/\/verlag-alber.de\/en\/wp-json\/wp\/v2\/pages\/1961\/revisions"}],"predecessor-version":[{"id":2994,"href":"https:\/\/verlag-alber.de\/en\/wp-json\/wp\/v2\/pages\/1961\/revisions\/2994"}],"wp:attachment":[{"href":"https:\/\/verlag-alber.de\/en\/wp-json\/wp\/v2\/media?parent=1961"}],"curies":[{"name":"wp","href":"https:\/\/api.w.org\/{rel}","templated":true}]}}